{"id":53,"date":"2021-12-03T14:50:53","date_gmt":"2021-12-03T13:50:53","guid":{"rendered":"https:\/\/www.felberarchitektur.ch\/ueberuns\/?page_id=53"},"modified":"2025-08-06T16:18:45","modified_gmt":"2025-08-06T14:18:45","slug":"aktuelles","status":"publish","type":"page","link":"https:\/\/www.felberarchitektur.ch\/ueberuns\/aktuelles\/","title":{"rendered":"Aktuelles"},"content":{"rendered":"<p><div class=\"fusion-fullwidth fullwidth-box fusion-builder-row-1 fusion-flex-container nonhundred-percent-fullwidth non-hundred-percent-height-scrolling\" style=\"--link_hover_color: #b16e19;--awb-border-radius-top-left:0px;--awb-border-radius-top-right:0px;--awb-border-radius-bottom-right:0px;--awb-border-radius-bottom-left:0px;--awb-flex-wrap:wrap;\" ><div class=\"fusion-builder-row fusion-row fusion-flex-align-items-flex-start fusion-flex-content-wrap\" style=\"max-width:1352px;margin-left: calc(-4% \/ 2 );margin-right: calc(-4% \/ 2 );\"><div class=\"fusion-layout-column fusion_builder_column fusion-builder-column-0 fusion_builder_column_1_1 1_1 fusion-flex-column\" style=\"--awb-bg-size:cover;--awb-width-large:100%;--awb-margin-top-large:0px;--awb-spacing-right-large:1.92%;--awb-margin-bottom-large:20px;--awb-spacing-left-large:1.92%;--awb-width-medium:100%;--awb-order-medium:0;--awb-spacing-right-medium:1.92%;--awb-spacing-left-medium:1.92%;--awb-width-small:100%;--awb-order-small:0;--awb-spacing-right-small:1.92%;--awb-spacing-left-small:1.92%;\"><div class=\"fusion-column-wrapper fusion-column-has-shadow fusion-flex-justify-content-flex-start fusion-content-layout-column\"><div class=\"fusion-title title fusion-title-1 fusion-sep-none fusion-title-text fusion-title-size-two\" style=\"--awb-margin-bottom:0px;--awb-margin-top-small:10px;--awb-margin-right-small:0px;--awb-margin-bottom-small:10px;--awb-margin-left-small:0px;\"><h2 class=\"fusion-title-heading title-heading-left\" style=\"margin:0;\">Aktuelles<\/h2><\/div>\n<div class=\"streifen-ueberuns\"><\/div>\n<\/div><\/div><\/div><\/div><div class=\"fusion-fullwidth fullwidth-box fusion-builder-row-2 fusion-flex-container nonhundred-percent-fullwidth non-hundred-percent-height-scrolling\" style=\"--link_hover_color: #b16e19;--link_color: #000000;--awb-border-radius-top-left:0px;--awb-border-radius-top-right:0px;--awb-border-radius-bottom-right:0px;--awb-border-radius-bottom-left:0px;--awb-padding-right:24px;--awb-flex-wrap:wrap;\" ><div class=\"fusion-builder-row fusion-row fusion-flex-align-items-flex-start fusion-flex-content-wrap\" style=\"max-width:1352px;margin-left: calc(-4% \/ 2 );margin-right: calc(-4% \/ 2 );\"><div class=\"fusion-layout-column fusion_builder_column fusion-builder-column-1 fusion_builder_column_1_1 1_1 fusion-flex-column\" style=\"--awb-padding-bottom:10px;--awb-bg-size:cover;--awb-width-large:100%;--awb-margin-top-large:0px;--awb-spacing-right-large:0px;--awb-margin-bottom-large:20px;--awb-spacing-left-large:1.92%;--awb-width-medium:100%;--awb-order-medium:0;--awb-spacing-right-medium:0px;--awb-spacing-left-medium:1.92%;--awb-width-small:100%;--awb-order-small:0;--awb-spacing-right-small:1.92%;--awb-spacing-left-small:1.92%;\"><div class=\"fusion-column-wrapper fusion-column-has-shadow fusion-flex-justify-content-flex-start fusion-content-layout-column\"><div class=\"fusion-image-element \" style=\"--awb-aspect-ratio:16 \/ 9;--awb-object-position:51% 52%;--awb-caption-title-font-family:var(--h2_typography-font-family);--awb-caption-title-font-weight:var(--h2_typography-font-weight);--awb-caption-title-font-style:var(--h2_typography-font-style);--awb-caption-title-size:var(--h2_typography-font-size);--awb-caption-title-transform:var(--h2_typography-text-transform);--awb-caption-title-line-height:var(--h2_typography-line-height);--awb-caption-title-letter-spacing:var(--h2_typography-letter-spacing);\"><span class=\" fusion-imageframe imageframe-none imageframe-1 hover-type-none has-aspect-ratio\"><img decoding=\"async\" width=\"2560\" height=\"1920\" title=\"Felber Ape\u0301ro 2025-01\" src=\"https:\/\/www.felberarchitektur.ch\/ueberuns\/wp-content\/uploads\/sites\/4\/2025\/08\/Felber-Apero-2025-01-scaled.jpg\" class=\"img-responsive wp-image-330 img-with-aspect-ratio\" data-parent-fit=\"cover\" data-parent-container=\".fusion-image-element\" alt srcset=\"https:\/\/www.felberarchitektur.ch\/ueberuns\/wp-content\/uploads\/sites\/4\/2025\/08\/Felber-Apero-2025-01-200x150.jpg 200w, https:\/\/www.felberarchitektur.ch\/ueberuns\/wp-content\/uploads\/sites\/4\/2025\/08\/Felber-Apero-2025-01-400x300.jpg 400w, https:\/\/www.felberarchitektur.ch\/ueberuns\/wp-content\/uploads\/sites\/4\/2025\/08\/Felber-Apero-2025-01-600x450.jpg 600w, https:\/\/www.felberarchitektur.ch\/ueberuns\/wp-content\/uploads\/sites\/4\/2025\/08\/Felber-Apero-2025-01-800x600.jpg 800w, https:\/\/www.felberarchitektur.ch\/ueberuns\/wp-content\/uploads\/sites\/4\/2025\/08\/Felber-Apero-2025-01-1200x900.jpg 1200w, https:\/\/www.felberarchitektur.ch\/ueberuns\/wp-content\/uploads\/sites\/4\/2025\/08\/Felber-Apero-2025-01-scaled.jpg 2560w\" sizes=\"(max-width: 640px) 100vw, 2560px\" \/><\/span><\/div><div class=\"fusion-image-carousel fusion-image-carousel-auto fusion-image-carousel-1\"><div class=\"awb-carousel awb-swiper awb-swiper-carousel awb-carousel--carousel awb-swiper-dots-position-bottom\" data-layout=\"carousel\" data-autoplay=\"no\" data-autoplayspeed=\"2500\" data-autoplaypause=\"no\" data-loop=\"yes\" data-columns=\"5\" data-columnsmedium=\"1\" data-columnssmall=\"1\" data-itemmargin=\"13\" data-itemwidth=\"180\" data-touchscroll=\"no\" data-freemode=\"no\" data-imagesize=\"auto\" data-scrollitems=\"0\" data-centeredslides=\"no\" data-rotationangle=\"50\" data-depth=\"100\" data-speed=\"10000\" data-shadow=\"no\" data-pagination=\"bullets\" style=\"--awb-dots-align:center;\"><div class=\"swiper-wrapper awb-image-carousel-wrapper fusion-flex-align-items-center\"><div class=\"swiper-slide\"><div class=\"fusion-carousel-item-wrapper\"><div class=\"fusion-image-wrapper hover-type-none\"><img decoding=\"async\" width=\"2560\" height=\"1707\" src=\"https:\/\/www.felberarchitektur.ch\/ueberuns\/wp-content\/uploads\/sites\/4\/2025\/08\/Felber-Apero-2025-04-scaled.jpg\" class=\"attachment-full size-full\" alt=\"\" srcset=\"https:\/\/www.felberarchitektur.ch\/ueberuns\/wp-content\/uploads\/sites\/4\/2025\/08\/Felber-Apero-2025-04-200x133.jpg 200w, https:\/\/www.felberarchitektur.ch\/ueberuns\/wp-content\/uploads\/sites\/4\/2025\/08\/Felber-Apero-2025-04-400x267.jpg 400w, https:\/\/www.felberarchitektur.ch\/ueberuns\/wp-content\/uploads\/sites\/4\/2025\/08\/Felber-Apero-2025-04-600x400.jpg 600w, https:\/\/www.felberarchitektur.ch\/ueberuns\/wp-content\/uploads\/sites\/4\/2025\/08\/Felber-Apero-2025-04-800x533.jpg 800w, https:\/\/www.felberarchitektur.ch\/ueberuns\/wp-content\/uploads\/sites\/4\/2025\/08\/Felber-Apero-2025-04-1200x800.jpg 1200w, https:\/\/www.felberarchitektur.ch\/ueberuns\/wp-content\/uploads\/sites\/4\/2025\/08\/Felber-Apero-2025-04-scaled.jpg 2560w\" sizes=\"(min-width: 2200px) 100vw, (min-width: 712px) 644px, (min-width: 640px) 712px, \" \/><\/div><\/div><\/div><div class=\"swiper-slide\"><div class=\"fusion-carousel-item-wrapper\"><div class=\"fusion-image-wrapper hover-type-none\"><img decoding=\"async\" width=\"2560\" height=\"1707\" src=\"https:\/\/www.felberarchitektur.ch\/ueberuns\/wp-content\/uploads\/sites\/4\/2025\/08\/Felber-Apero-2025-25-scaled.jpg\" class=\"attachment-full size-full\" alt=\"\" srcset=\"https:\/\/www.felberarchitektur.ch\/ueberuns\/wp-content\/uploads\/sites\/4\/2025\/08\/Felber-Apero-2025-25-200x133.jpg 200w, https:\/\/www.felberarchitektur.ch\/ueberuns\/wp-content\/uploads\/sites\/4\/2025\/08\/Felber-Apero-2025-25-400x267.jpg 400w, https:\/\/www.felberarchitektur.ch\/ueberuns\/wp-content\/uploads\/sites\/4\/2025\/08\/Felber-Apero-2025-25-600x400.jpg 600w, https:\/\/www.felberarchitektur.ch\/ueberuns\/wp-content\/uploads\/sites\/4\/2025\/08\/Felber-Apero-2025-25-800x533.jpg 800w, https:\/\/www.felberarchitektur.ch\/ueberuns\/wp-content\/uploads\/sites\/4\/2025\/08\/Felber-Apero-2025-25-1200x800.jpg 1200w, https:\/\/www.felberarchitektur.ch\/ueberuns\/wp-content\/uploads\/sites\/4\/2025\/08\/Felber-Apero-2025-25-scaled.jpg 2560w\" sizes=\"(min-width: 2200px) 100vw, (min-width: 712px) 644px, (min-width: 640px) 712px, \" \/><\/div><\/div><\/div><\/div><div class=\"awb-swiper-button awb-swiper-button-prev\"><i class=\"awb-icon-angle-left\" aria-hidden=\"true\"><\/i><\/div><div class=\"awb-swiper-button awb-swiper-button-next\"><i class=\"awb-icon-angle-right\" aria-hidden=\"true\"><\/i><\/div><\/div><\/div><div class=\"fusion-text fusion-text-1\" style=\"--awb-text-transform:none;\"><p><strong>3 Jahre Felber GmbH \u2013 Ein herzliches Dankesch\u00f6n!<\/strong><\/p>\n<p data-start=\"131\" data-end=\"393\">Am 3. April 2025 durften wir gemeinsam mit unseren Gesch\u00e4ftspartnern und Freunden das 3-j\u00e4hrige Bestehen der Felber GmbH feiern. Bei einem gem\u00fctlichen Fr\u00fchlings-Ap\u00e9ro mit Grillade wurde angestossen, gelacht und auf viele sch\u00f6ne gemeinsame Momente zur\u00fcckgeblickt.<\/p>\n<p data-start=\"395\" data-end=\"513\">Wir sagen Danke f\u00fcr die zahlreichen Begegnungen, die gute Zusammenarbeit und das Vertrauen in den letzten drei Jahren!<\/p>\n<\/div><\/div><\/div><div class=\"fusion-layout-column fusion_builder_column fusion-builder-column-2 fusion_builder_column_1_1 1_1 fusion-flex-column\" style=\"--awb-padding-bottom:0px;--awb-bg-size:cover;--awb-width-large:100%;--awb-margin-top-large:0px;--awb-spacing-right-large:1.92%;--awb-margin-bottom-large:20px;--awb-spacing-left-large:1.92%;--awb-width-medium:100%;--awb-order-medium:0;--awb-spacing-right-medium:1.92%;--awb-spacing-left-medium:1.92%;--awb-width-small:100%;--awb-order-small:0;--awb-spacing-right-small:1.92%;--awb-spacing-left-small:1.92%;\"><div class=\"fusion-column-wrapper fusion-column-has-shadow fusion-flex-justify-content-flex-start fusion-content-layout-column\">\n<div class=\"streifen-ueberuns\"><\/div>\n<\/div><\/div><\/div><\/div><div class=\"fusion-fullwidth fullwidth-box fusion-builder-row-3 fusion-flex-container nonhundred-percent-fullwidth non-hundred-percent-height-scrolling\" style=\"--link_hover_color: #b16e19;--link_color: #000000;--awb-border-radius-top-left:0px;--awb-border-radius-top-right:0px;--awb-border-radius-bottom-right:0px;--awb-border-radius-bottom-left:0px;--awb-padding-right:24px;--awb-flex-wrap:wrap;\" ><div class=\"fusion-builder-row fusion-row fusion-flex-align-items-flex-start fusion-flex-content-wrap\" style=\"max-width:1352px;margin-left: calc(-4% \/ 2 );margin-right: calc(-4% \/ 2 );\"><div class=\"fusion-layout-column fusion_builder_column fusion-builder-column-3 fusion_builder_column_1_1 1_1 fusion-flex-column\" style=\"--awb-padding-bottom:10px;--awb-bg-size:cover;--awb-width-large:100%;--awb-margin-top-large:0px;--awb-spacing-right-large:0px;--awb-margin-bottom-large:20px;--awb-spacing-left-large:1.92%;--awb-width-medium:100%;--awb-order-medium:0;--awb-spacing-right-medium:0px;--awb-spacing-left-medium:1.92%;--awb-width-small:100%;--awb-order-small:0;--awb-spacing-right-small:1.92%;--awb-spacing-left-small:1.92%;\"><div class=\"fusion-column-wrapper fusion-column-has-shadow fusion-flex-justify-content-flex-start fusion-content-layout-column\"><div class=\"fusion-image-element \" style=\"--awb-aspect-ratio:1 \/ 1;--awb-object-position:50% 27%;--awb-caption-title-font-family:var(--h2_typography-font-family);--awb-caption-title-font-weight:var(--h2_typography-font-weight);--awb-caption-title-font-style:var(--h2_typography-font-style);--awb-caption-title-size:var(--h2_typography-font-size);--awb-caption-title-transform:var(--h2_typography-text-transform);--awb-caption-title-line-height:var(--h2_typography-line-height);--awb-caption-title-letter-spacing:var(--h2_typography-letter-spacing);\"><span class=\" fusion-imageframe imageframe-none imageframe-2 hover-type-none has-aspect-ratio\"><img decoding=\"async\" width=\"1920\" height=\"2560\" title=\"20241210_175932\" src=\"https:\/\/www.felberarchitektur.ch\/ueberuns\/wp-content\/uploads\/sites\/4\/2025\/08\/20241210_175932-scaled.jpg\" class=\"img-responsive wp-image-328 img-with-aspect-ratio\" data-parent-fit=\"cover\" data-parent-container=\".fusion-image-element\" alt srcset=\"https:\/\/www.felberarchitektur.ch\/ueberuns\/wp-content\/uploads\/sites\/4\/2025\/08\/20241210_175932-200x267.jpg 200w, https:\/\/www.felberarchitektur.ch\/ueberuns\/wp-content\/uploads\/sites\/4\/2025\/08\/20241210_175932-400x533.jpg 400w, https:\/\/www.felberarchitektur.ch\/ueberuns\/wp-content\/uploads\/sites\/4\/2025\/08\/20241210_175932-600x800.jpg 600w, https:\/\/www.felberarchitektur.ch\/ueberuns\/wp-content\/uploads\/sites\/4\/2025\/08\/20241210_175932-800x1067.jpg 800w, https:\/\/www.felberarchitektur.ch\/ueberuns\/wp-content\/uploads\/sites\/4\/2025\/08\/20241210_175932-1200x1600.jpg 1200w, https:\/\/www.felberarchitektur.ch\/ueberuns\/wp-content\/uploads\/sites\/4\/2025\/08\/20241210_175932-scaled.jpg 1920w\" sizes=\"(max-width: 640px) 100vw, 1920px\" \/><\/span><\/div><\/div><\/div><div class=\"fusion-layout-column fusion_builder_column fusion-builder-column-4 fusion_builder_column_1_1 1_1 fusion-flex-column\" style=\"--awb-padding-bottom:0px;--awb-padding-left:28px;--awb-padding-left-small:0px;--awb-bg-size:cover;--awb-width-large:100%;--awb-margin-top-large:0px;--awb-spacing-right-large:0%;--awb-margin-bottom-large:20px;--awb-spacing-left-large:0%;--awb-width-medium:100%;--awb-order-medium:0;--awb-spacing-right-medium:0%;--awb-spacing-left-medium:0%;--awb-width-small:100%;--awb-order-small:0;--awb-spacing-right-small:1.92%;--awb-spacing-left-small:1.92%;\"><div class=\"fusion-column-wrapper fusion-column-has-shadow fusion-flex-justify-content-flex-start fusion-content-layout-column\"><div class=\"fusion-text fusion-text-2\" style=\"--awb-text-transform:none;\"><p><b>Weihnachtsessen 2024<\/b><\/p>\n<p data-start=\"190\" data-end=\"604\">Am 10. Dezember 2024 durften wir unser diesj\u00e4hriges Weihnachtsessen mit einem ganz besonderen Erlebnis beginnen: einer privaten F\u00fchrung durch den Knies Kinderzoo in Rapperswil. Dabei hatten wir die einmalige Gelegenheit die Giraffen zu f\u00fcttern \u2013 ihre erstaunlich langen Zungen sorgten f\u00fcr viele Lacher und unvergessliche Momente.<\/p>\n<p data-start=\"606\" data-end=\"838\">Im Anschluss genossen wir ein gem\u00fctliches und ausgiebiges Abendessen vom Buffet in der stimmungsvollen Himmapan Lodge. Ein rundum gelungener Anlass mit vielen sch\u00f6nen Begegnungen, tierischen Erlebnissen und festlicher Atmosph\u00e4re!<\/p>\n<\/div><\/div><\/div><div class=\"fusion-layout-column fusion_builder_column fusion-builder-column-5 fusion_builder_column_1_1 1_1 fusion-flex-column\" style=\"--awb-padding-bottom:0px;--awb-bg-size:cover;--awb-width-large:100%;--awb-margin-top-large:0px;--awb-spacing-right-large:1.92%;--awb-margin-bottom-large:20px;--awb-spacing-left-large:1.92%;--awb-width-medium:100%;--awb-order-medium:0;--awb-spacing-right-medium:1.92%;--awb-spacing-left-medium:1.92%;--awb-width-small:100%;--awb-order-small:0;--awb-spacing-right-small:1.92%;--awb-spacing-left-small:1.92%;\"><div class=\"fusion-column-wrapper fusion-column-has-shadow fusion-flex-justify-content-flex-start fusion-content-layout-column\">\n<div class=\"streifen-ueberuns\"><\/div>\n<\/div><\/div><\/div><\/div><div class=\"fusion-fullwidth fullwidth-box fusion-builder-row-4 fusion-flex-container nonhundred-percent-fullwidth non-hundred-percent-height-scrolling\" style=\"--link_hover_color: #b16e19;--link_color: #000000;--awb-border-radius-top-left:0px;--awb-border-radius-top-right:0px;--awb-border-radius-bottom-right:0px;--awb-border-radius-bottom-left:0px;--awb-padding-right:24px;--awb-flex-wrap:wrap;\" ><div class=\"fusion-builder-row fusion-row fusion-flex-align-items-flex-start fusion-flex-content-wrap\" style=\"max-width:1352px;margin-left: calc(-4% \/ 2 );margin-right: calc(-4% \/ 2 );\"><div class=\"fusion-layout-column fusion_builder_column fusion-builder-column-6 fusion_builder_column_1_1 1_1 fusion-flex-column\" style=\"--awb-padding-bottom:10px;--awb-bg-size:cover;--awb-width-large:100%;--awb-margin-top-large:0px;--awb-spacing-right-large:0px;--awb-margin-bottom-large:20px;--awb-spacing-left-large:1.92%;--awb-width-medium:100%;--awb-order-medium:0;--awb-spacing-right-medium:0px;--awb-spacing-left-medium:1.92%;--awb-width-small:100%;--awb-order-small:0;--awb-spacing-right-small:1.92%;--awb-spacing-left-small:1.92%;\"><div class=\"fusion-column-wrapper fusion-column-has-shadow fusion-flex-justify-content-flex-start fusion-content-layout-column\"><div class=\"fusion-image-element \" style=\"--awb-aspect-ratio:16 \/ 9;--awb-object-position:47% 76%;--awb-caption-title-font-family:var(--h2_typography-font-family);--awb-caption-title-font-weight:var(--h2_typography-font-weight);--awb-caption-title-font-style:var(--h2_typography-font-style);--awb-caption-title-size:var(--h2_typography-font-size);--awb-caption-title-transform:var(--h2_typography-text-transform);--awb-caption-title-line-height:var(--h2_typography-line-height);--awb-caption-title-letter-spacing:var(--h2_typography-letter-spacing);\"><span class=\" fusion-imageframe imageframe-none imageframe-3 hover-type-none has-aspect-ratio\"><img decoding=\"async\" width=\"1800\" height=\"1200\" title=\"Bueroausflug2024_quer_web\" src=\"https:\/\/www.felberarchitektur.ch\/ueberuns\/wp-content\/uploads\/sites\/4\/2024\/12\/Bueroausflug2024_quer_web.png\" class=\"img-responsive wp-image-317 img-with-aspect-ratio\" data-parent-fit=\"cover\" data-parent-container=\".fusion-image-element\" alt srcset=\"https:\/\/www.felberarchitektur.ch\/ueberuns\/wp-content\/uploads\/sites\/4\/2024\/12\/Bueroausflug2024_quer_web-200x133.png 200w, https:\/\/www.felberarchitektur.ch\/ueberuns\/wp-content\/uploads\/sites\/4\/2024\/12\/Bueroausflug2024_quer_web-400x267.png 400w, https:\/\/www.felberarchitektur.ch\/ueberuns\/wp-content\/uploads\/sites\/4\/2024\/12\/Bueroausflug2024_quer_web-600x400.png 600w, https:\/\/www.felberarchitektur.ch\/ueberuns\/wp-content\/uploads\/sites\/4\/2024\/12\/Bueroausflug2024_quer_web-800x533.png 800w, https:\/\/www.felberarchitektur.ch\/ueberuns\/wp-content\/uploads\/sites\/4\/2024\/12\/Bueroausflug2024_quer_web-1200x800.png 1200w, https:\/\/www.felberarchitektur.ch\/ueberuns\/wp-content\/uploads\/sites\/4\/2024\/12\/Bueroausflug2024_quer_web.png 1800w\" sizes=\"(max-width: 640px) 100vw, 1800px\" \/><\/span><\/div><\/div><\/div><div class=\"fusion-layout-column fusion_builder_column fusion-builder-column-7 fusion_builder_column_1_1 1_1 fusion-flex-column\" style=\"--awb-padding-bottom:0px;--awb-padding-left:28px;--awb-padding-left-small:0px;--awb-bg-size:cover;--awb-width-large:100%;--awb-margin-top-large:0px;--awb-spacing-right-large:0%;--awb-margin-bottom-large:20px;--awb-spacing-left-large:0%;--awb-width-medium:100%;--awb-order-medium:0;--awb-spacing-right-medium:0%;--awb-spacing-left-medium:0%;--awb-width-small:100%;--awb-order-small:0;--awb-spacing-right-small:1.92%;--awb-spacing-left-small:1.92%;\"><div class=\"fusion-column-wrapper fusion-column-has-shadow fusion-flex-justify-content-flex-start fusion-content-layout-column\"><div class=\"fusion-text fusion-text-3\" style=\"--awb-text-transform:none;\"><p><b>Wanderung auf den Fronalpstock<\/b><\/p>\n<p>Am 18.10.2024 unternahm unser Team einen inspirierenden B\u00fcroausflug auf den Fronalpstock. Obwohl uns der Tag mit etwas Regen begr\u00fcsste, liessen wir uns die Laune nicht verderben und genossen die gemeinsame Wanderung.<\/p>\n<p>Der Aufstieg wurde schliesslich mit einem verdienten Mittagessen auf dem Gipfel belohnt \u2013 und sogar die Sonne liess sich noch blicken, um uns Gesellschaft zu leisten. Ein gelungener Tag, der uns nicht nur Natur, sondern auch Teamgeist n\u00e4hergebracht hat.<\/p>\n<p>Wir freuen uns schon auf das n\u00e4chste Abenteuer!<\/p>\n<\/div><\/div><\/div><div class=\"fusion-layout-column fusion_builder_column fusion-builder-column-8 fusion_builder_column_1_1 1_1 fusion-flex-column\" style=\"--awb-padding-bottom:0px;--awb-bg-size:cover;--awb-width-large:100%;--awb-margin-top-large:0px;--awb-spacing-right-large:1.92%;--awb-margin-bottom-large:20px;--awb-spacing-left-large:1.92%;--awb-width-medium:100%;--awb-order-medium:0;--awb-spacing-right-medium:1.92%;--awb-spacing-left-medium:1.92%;--awb-width-small:100%;--awb-order-small:0;--awb-spacing-right-small:1.92%;--awb-spacing-left-small:1.92%;\"><div class=\"fusion-column-wrapper fusion-column-has-shadow fusion-flex-justify-content-flex-start fusion-content-layout-column\">\n<div class=\"streifen-ueberuns\"><\/div>\n<\/div><\/div><\/div><\/div><div class=\"fusion-fullwidth fullwidth-box fusion-builder-row-5 fusion-flex-container nonhundred-percent-fullwidth non-hundred-percent-height-scrolling\" style=\"--link_hover_color: #b16e19;--link_color: #000000;--awb-border-radius-top-left:0px;--awb-border-radius-top-right:0px;--awb-border-radius-bottom-right:0px;--awb-border-radius-bottom-left:0px;--awb-padding-right:24px;--awb-flex-wrap:wrap;\" ><div class=\"fusion-builder-row fusion-row fusion-flex-align-items-flex-start fusion-flex-content-wrap\" style=\"max-width:1352px;margin-left: calc(-4% \/ 2 );margin-right: calc(-4% \/ 2 );\"><div class=\"fusion-layout-column fusion_builder_column fusion-builder-column-9 fusion_builder_column_1_1 1_1 fusion-flex-column\" style=\"--awb-padding-bottom:10px;--awb-bg-size:cover;--awb-width-large:100%;--awb-margin-top-large:0px;--awb-spacing-right-large:0px;--awb-margin-bottom-large:20px;--awb-spacing-left-large:1.92%;--awb-width-medium:100%;--awb-order-medium:0;--awb-spacing-right-medium:0px;--awb-spacing-left-medium:1.92%;--awb-width-small:100%;--awb-order-small:0;--awb-spacing-right-small:1.92%;--awb-spacing-left-small:1.92%;\"><div class=\"fusion-column-wrapper fusion-column-has-shadow fusion-flex-justify-content-flex-start fusion-content-layout-column\"><div class=\"fusion-image-element \" style=\"--awb-aspect-ratio:16 \/ 9;--awb-object-position:50% 74%;--awb-caption-title-font-family:var(--h2_typography-font-family);--awb-caption-title-font-weight:var(--h2_typography-font-weight);--awb-caption-title-font-style:var(--h2_typography-font-style);--awb-caption-title-size:var(--h2_typography-font-size);--awb-caption-title-transform:var(--h2_typography-text-transform);--awb-caption-title-line-height:var(--h2_typography-line-height);--awb-caption-title-letter-spacing:var(--h2_typography-letter-spacing);\"><span class=\" fusion-imageframe imageframe-none imageframe-4 hover-type-none has-aspect-ratio\"><img decoding=\"async\" width=\"1800\" height=\"1200\" title=\"Solarpreis_quer_web\" src=\"https:\/\/www.felberarchitektur.ch\/ueberuns\/wp-content\/uploads\/sites\/4\/2024\/12\/Solarpreis_quer_web.png\" class=\"img-responsive wp-image-318 img-with-aspect-ratio\" data-parent-fit=\"cover\" data-parent-container=\".fusion-image-element\" alt srcset=\"https:\/\/www.felberarchitektur.ch\/ueberuns\/wp-content\/uploads\/sites\/4\/2024\/12\/Solarpreis_quer_web-200x133.png 200w, https:\/\/www.felberarchitektur.ch\/ueberuns\/wp-content\/uploads\/sites\/4\/2024\/12\/Solarpreis_quer_web-400x267.png 400w, https:\/\/www.felberarchitektur.ch\/ueberuns\/wp-content\/uploads\/sites\/4\/2024\/12\/Solarpreis_quer_web-600x400.png 600w, https:\/\/www.felberarchitektur.ch\/ueberuns\/wp-content\/uploads\/sites\/4\/2024\/12\/Solarpreis_quer_web-800x533.png 800w, https:\/\/www.felberarchitektur.ch\/ueberuns\/wp-content\/uploads\/sites\/4\/2024\/12\/Solarpreis_quer_web-1200x800.png 1200w, https:\/\/www.felberarchitektur.ch\/ueberuns\/wp-content\/uploads\/sites\/4\/2024\/12\/Solarpreis_quer_web.png 1800w\" sizes=\"(max-width: 640px) 100vw, 1800px\" \/><\/span><\/div><\/div><\/div><div class=\"fusion-layout-column fusion_builder_column fusion-builder-column-10 fusion_builder_column_1_1 1_1 fusion-flex-column\" style=\"--awb-padding-bottom:0px;--awb-padding-left:28px;--awb-padding-left-small:0px;--awb-bg-size:cover;--awb-width-large:100%;--awb-margin-top-large:0px;--awb-spacing-right-large:0%;--awb-margin-bottom-large:20px;--awb-spacing-left-large:0%;--awb-width-medium:100%;--awb-order-medium:0;--awb-spacing-right-medium:0%;--awb-spacing-left-medium:0%;--awb-width-small:100%;--awb-order-small:0;--awb-spacing-right-small:1.92%;--awb-spacing-left-small:1.92%;\"><div class=\"fusion-column-wrapper fusion-column-has-shadow fusion-flex-justify-content-flex-start fusion-content-layout-column\"><div class=\"fusion-text fusion-text-4\" style=\"--awb-text-transform:none;\"><p><b>Solarpreis 2021 f\u00fcr die Solaranlage \u00fcber dem Entsorgungspark W\u00e4denswil<\/b><\/p>\n<p><span style=\"background-color: var(--awb-bg-color-hover);color: var(--awb-text-color);font-family: var(--awb-text-font-family);font-size: var(--awb-font-size);font-style: var(--awb-text-font-style);font-weight: var(--awb-text-font-weight);letter-spacing: var(--awb-letter-spacing);text-align: var(--awb-content-alignment);text-transform: var(--awb-text-transform)\">Wir freuen uns, bekannt geben zu d\u00fcrfen, dass die Solaranlage \u00fcber dem Entsorgungspark W\u00e4denswil mit dem Solarpreis 2021 ausgezeichnet wurde!<\/span><\/p>\n<p>Am 2. November 2021 durfte Andreas Felber gemeinsam mit Ernst Brupbacher, Stadtrat W\u00e4denswil, in Genf die Auszeichnung in der Kategorie \u201eEnergiebauten\u201c entgegennehmen.<\/p>\n<p>Diese Anerkennung best\u00e4tigt einmal mehr, wie wichtig und wegweisend nachhaltige Energiel\u00f6sungen sind.<\/p>\n<p>Wir sind stolz, Teil dieses Projekts zu sein und bedanken uns bei allen Beteiligten f\u00fcr ihr Engagement.<\/p>\n<\/div><\/div><\/div><div class=\"fusion-layout-column fusion_builder_column fusion-builder-column-11 fusion_builder_column_1_1 1_1 fusion-flex-column\" style=\"--awb-padding-bottom:0px;--awb-bg-size:cover;--awb-width-large:100%;--awb-margin-top-large:0px;--awb-spacing-right-large:1.92%;--awb-margin-bottom-large:20px;--awb-spacing-left-large:1.92%;--awb-width-medium:100%;--awb-order-medium:0;--awb-spacing-right-medium:1.92%;--awb-spacing-left-medium:1.92%;--awb-width-small:100%;--awb-order-small:0;--awb-spacing-right-small:1.92%;--awb-spacing-left-small:1.92%;\"><div class=\"fusion-column-wrapper fusion-column-has-shadow fusion-flex-justify-content-flex-start fusion-content-layout-column\">\n<div class=\"streifen-ueberuns\"><\/div>\n<\/div><\/div><\/div><\/div><\/p>\n","protected":false},"excerpt":{"rendered":"","protected":false},"author":1,"featured_media":0,"parent":0,"menu_order":0,"comment_status":"closed","ping_status":"closed","template":"","meta":{"footnotes":""},"class_list":["post-53","page","type-page","status-publish","hentry"],"_links":{"self":[{"href":"https:\/\/www.felberarchitektur.ch\/ueberuns\/wp-json\/wp\/v2\/pages\/53","targetHints":{"allow":["GET"]}}],"collection":[{"href":"https:\/\/www.felberarchitektur.ch\/ueberuns\/wp-json\/wp\/v2\/pages"}],"about":[{"href":"https:\/\/www.felberarchitektur.ch\/ueberuns\/wp-json\/wp\/v2\/types\/page"}],"author":[{"embeddable":true,"href":"https:\/\/www.felberarchitektur.ch\/ueberuns\/wp-json\/wp\/v2\/users\/1"}],"replies":[{"embeddable":true,"href":"https:\/\/www.felberarchitektur.ch\/ueberuns\/wp-json\/wp\/v2\/comments?post=53"}],"version-history":[{"count":0,"href":"https:\/\/www.felberarchitektur.ch\/ueberuns\/wp-json\/wp\/v2\/pages\/53\/revisions"}],"wp:attachment":[{"href":"https:\/\/www.felberarchitektur.ch\/ueberuns\/wp-json\/wp\/v2\/media?parent=53"}],"curies":[{"name":"wp","href":"https:\/\/api.w.org\/{rel}","templated":true}]}}